{"id":689,"date":"2023-03-19T08:57:43","date_gmt":"2023-03-19T08:57:43","guid":{"rendered":"https:\/\/fotokessler.org\/?page_id=689"},"modified":"2023-06-16T10:06:30","modified_gmt":"2023-06-16T10:06:30","slug":"current-fellow","status":"publish","type":"page","link":"https:\/\/fotokessler.org\/en\/residence\/current-fellow\/","title":{"rendered":"Residence &#8211; Current fellow"},"content":{"rendered":"<figure class=\"wp-block-image size-large\"><img fetchpriority=\"high\" decoding=\"async\" width=\"1024\" height=\"683\" src=\"https:\/\/fotokessler.org\/wp-content\/uploads\/2023\/06\/Arno-Beroun-2018-8x10-Nasses-Kollodium-1024x683.jpg\" alt=\"\" class=\"wp-image-2466\" srcset=\"https:\/\/fotokessler.org\/wp-content\/uploads\/2023\/06\/Arno-Beroun-2018-8x10-Nasses-Kollodium-1024x683.jpg 1024w, https:\/\/fotokessler.org\/wp-content\/uploads\/2023\/06\/Arno-Beroun-2018-8x10-Nasses-Kollodium-300x200.jpg 300w, https:\/\/fotokessler.org\/wp-content\/uploads\/2023\/06\/Arno-Beroun-2018-8x10-Nasses-Kollodium-768x512.jpg 768w, https:\/\/fotokessler.org\/wp-content\/uploads\/2023\/06\/Arno-Beroun-2018-8x10-Nasses-Kollodium-1536x1024.jpg 1536w, https:\/\/fotokessler.org\/wp-content\/uploads\/2023\/06\/Arno-Beroun-2018-8x10-Nasses-Kollodium-2048x1365.jpg 2048w, https:\/\/fotokessler.org\/wp-content\/uploads\/2023\/06\/Arno-Beroun-2018-8x10-Nasses-Kollodium-1200x800.jpg 1200w\" sizes=\"(max-width: 709px) 85vw, (max-width: 909px) 67vw, (max-width: 1362px) 62vw, 840px\" \/><\/figure>\n\n\n\n<p>Arno Gisinger wurde 1964 in Dornbirn geboren. Er studierte Geschichte und Germanistik in Innsbruck sowie Fotografie in Arles. Seine Ausbildungswege und ein spezifisches Interesse f\u00fcr die Wechselwirkungen zwischen Fotografie und Historiografie f\u00fchrten ihn zur Entwicklung transdisziplin\u00e4rer k\u00fcnstlerischer Arbeiten \u00fcber visuelle Darstellungsformen von Geschichte und Erinnerung. Er lebt und arbeitet als Fotok\u00fcnstler, Kurator und Hochschullehrer an der Universit\u00e4t Paris 8 in Saint-Denis bei Paris. 2023 kuratiert er gemeinsam mit Roland Stecher f\u00fcr das Vorarlberg Museum die Ausstellung&nbsp;<em>Hiller. Das fotografische Ged\u00e4chtnis des Bregenzerwalds<\/em>.<\/p>","protected":false},"excerpt":{"rendered":"<p>Arno Gisinger wurde 1964 in Dornbirn geboren. Er studierte Geschichte und Germanistik in Innsbruck sowie Fotografie in Arles. Seine Ausbildungswege und ein spezifisches Interesse f\u00fcr die Wechselwirkungen zwischen Fotografie und Historiografie f\u00fchrten ihn zur Entwicklung transdisziplin\u00e4rer k\u00fcnstlerischer Arbeiten \u00fcber visuelle Darstellungsformen von Geschichte und Erinnerung. Er lebt und arbeitet als Fotok\u00fcnstler, Kurator und Hochschullehrer an &hellip; <a href=\"https:\/\/fotokessler.org\/en\/residence\/current-fellow\/\" class=\"more-link\">Continue reading<span class=\"screen-reader-text\"> &#8222;Residence &#8211; Current fellow&#8220;<\/span><\/a><\/p>","protected":false},"author":1,"featured_media":0,"parent":370,"menu_order":0,"comment_status":"closed","ping_status":"closed","template":"","meta":{"ngg_post_thumbnail":0,"footnotes":""},"class_list":["post-689","page","type-page","status-publish","hentry"],"_links":{"self":[{"href":"https:\/\/fotokessler.org\/en\/wp-json\/wp\/v2\/pages\/689","targetHints":{"allow":["GET"]}}],"collection":[{"href":"https:\/\/fotokessler.org\/en\/wp-json\/wp\/v2\/pages"}],"about":[{"href":"https:\/\/fotokessler.org\/en\/wp-json\/wp\/v2\/types\/page"}],"author":[{"embeddable":true,"href":"https:\/\/fotokessler.org\/en\/wp-json\/wp\/v2\/users\/1"}],"replies":[{"embeddable":true,"href":"https:\/\/fotokessler.org\/en\/wp-json\/wp\/v2\/comments?post=689"}],"version-history":[{"count":4,"href":"https:\/\/fotokessler.org\/en\/wp-json\/wp\/v2\/pages\/689\/revisions"}],"predecessor-version":[{"id":2467,"href":"https:\/\/fotokessler.org\/en\/wp-json\/wp\/v2\/pages\/689\/revisions\/2467"}],"up":[{"embeddable":true,"href":"https:\/\/fotokessler.org\/en\/wp-json\/wp\/v2\/pages\/370"}],"wp:attachment":[{"href":"https:\/\/fotokessler.org\/en\/wp-json\/wp\/v2\/media?parent=689"}],"curies":[{"name":"wp","href":"https:\/\/api.w.org\/{rel}","templated":true}]}}