{"id":368,"date":"2021-11-04T21:07:19","date_gmt":"2021-11-04T21:07:19","guid":{"rendered":"https:\/\/fotokessler.org\/?page_id=368"},"modified":"2026-01-26T08:47:35","modified_gmt":"2026-01-26T08:47:35","slug":"voices-of-history","status":"publish","type":"page","link":"https:\/\/fotokessler.org\/en\/voices-of-history\/","title":{"rendered":"Voices of History"},"content":{"rendered":"<p>Through interviews with contemporary witnesses, the knowledge of the population in the time the pictures were made should be archived for the successive generations. Those interviews have to be conducted fairly timely, because as the witnesses grow older the recollection of certain memories gets even more difficult.<\/p>\n<figure id=\"attachment_10689\" aria-describedby=\"caption-attachment-10689\" style=\"width: 840px\" class=\"wp-caption alignleft\"><a href=\"https:\/\/fotokessler.org\/en\/stimmenausdergerschichte\/img_6290\/\" rel=\"attachment wp-att-10689\"><img fetchpriority=\"high\" decoding=\"async\" class=\"wp-image-10689 size-large\" src=\"https:\/\/fotokessler.org\/wp-content\/uploads\/2025\/11\/IMG_6290-1024x768.jpeg\" alt=\"Beim Erz\u00e4hlkaffee l\u00e4dt das Karl Max Kessler Archiv Bewohner*innen des Tals ein, pers\u00f6nliche Geschichten, Erinnerungen und Fotografien zu teilen. In gem\u00fctlicher Atmosph\u00e4re entstehen lebendige Gespr\u00e4che \u00fcber das Leben im Kleinwalsertal \u2013 fr\u00fcher und heute. Ziel ist es, kollektives Wissen zu bewahren, zu digitalisieren und als Teil des kulturellen Ged\u00e4chtnisses sichtbar zu machen.\" width=\"840\" height=\"630\" srcset=\"https:\/\/fotokessler.org\/wp-content\/uploads\/2025\/11\/IMG_6290-1024x768.jpeg 1024w, https:\/\/fotokessler.org\/wp-content\/uploads\/2025\/11\/IMG_6290-300x225.jpeg 300w, https:\/\/fotokessler.org\/wp-content\/uploads\/2025\/11\/IMG_6290-768x576.jpeg 768w, https:\/\/fotokessler.org\/wp-content\/uploads\/2025\/11\/IMG_6290-1536x1152.jpeg 1536w, https:\/\/fotokessler.org\/wp-content\/uploads\/2025\/11\/IMG_6290-2048x1536.jpeg 2048w, https:\/\/fotokessler.org\/wp-content\/uploads\/2025\/11\/IMG_6290-1200x900.jpeg 1200w\" sizes=\"(max-width: 709px) 85vw, (max-width: 909px) 67vw, (max-width: 1362px) 62vw, 840px\" \/><\/a><figcaption id=\"caption-attachment-10689\" class=\"wp-caption-text\">Beim Erz\u00e4hlcaf\u00e9 l\u00e4dt das Karl Max Kessler Archiv Bewohner*innen des Tals ein, Erinnerungen, Geschichten und Fotografien zu teilen. In offener Atmosph\u00e4re wird \u00fcber das Leben im Kleinwalsertal \u2013 fr\u00fcher und heute \u2013 gesprochen. Ziel ist es, dieses Wissen zu bewahren, zu digitalisieren und als kulturelles Ged\u00e4chtnis sichtbar zu machen.<\/figcaption><\/figure>\n<h6 style=\"text-align: center;\">Beim <strong data-start=\"142\" data-end=\"156\">Erz\u00e4hlcaf\u00e9<\/strong> l\u00e4dt das Karl Max Kessler Archiv<br data-start=\"189\" data-end=\"192\">Menschen aller Generationen ein, pers\u00f6nliche Geschichten,<br data-start=\"249\" data-end=\"252\">Erinnerungen und Fotografien zu teilen.<br data-start=\"291\" data-end=\"294\">Orale Erz\u00e4hlungen werden mit Bildern aus dem Archiv<br data-start=\"345\" data-end=\"348\">zusammengebracht und er\u00f6ffnen Gespr\u00e4che \u00fcber das Leben<br data-start=\"402\" data-end=\"405\">im Kleinwalsertal \u2013 fr\u00fcher und heute.<br data-start=\"442\" data-end=\"445\">So werden Erinnerungen bewahrt, weitergegeben<br data-start=\"490\" data-end=\"493\">und als lebendiger Teil des kulturellen Ged\u00e4chtnisses erhalten.<\/h6>\n<h6>&nbsp;<\/h6>","protected":false},"excerpt":{"rendered":"<p>Through interviews with contemporary witnesses, the knowledge of the population in the time the pictures were made should be archived for the successive generations. Those interviews have to be conducted fairly timely, because as the witnesses grow older the recollection of certain memories gets even more difficult. Beim Erz\u00e4hlcaf\u00e9 l\u00e4dt das Karl Max Kessler ArchivMenschen &hellip; <a href=\"https:\/\/fotokessler.org\/en\/voices-of-history\/\" class=\"more-link\">Continue reading<span class=\"screen-reader-text\"> &#8222;Voices of History&#8220;<\/span><\/a><\/p>","protected":false},"author":1,"featured_media":0,"parent":0,"menu_order":0,"comment_status":"closed","ping_status":"closed","template":"","meta":{"ngg_post_thumbnail":0,"footnotes":""},"class_list":["post-368","page","type-page","status-publish","hentry"],"_links":{"self":[{"href":"https:\/\/fotokessler.org\/en\/wp-json\/wp\/v2\/pages\/368","targetHints":{"allow":["GET"]}}],"collection":[{"href":"https:\/\/fotokessler.org\/en\/wp-json\/wp\/v2\/pages"}],"about":[{"href":"https:\/\/fotokessler.org\/en\/wp-json\/wp\/v2\/types\/page"}],"author":[{"embeddable":true,"href":"https:\/\/fotokessler.org\/en\/wp-json\/wp\/v2\/users\/1"}],"replies":[{"embeddable":true,"href":"https:\/\/fotokessler.org\/en\/wp-json\/wp\/v2\/comments?post=368"}],"version-history":[{"count":3,"href":"https:\/\/fotokessler.org\/en\/wp-json\/wp\/v2\/pages\/368\/revisions"}],"predecessor-version":[{"id":11321,"href":"https:\/\/fotokessler.org\/en\/wp-json\/wp\/v2\/pages\/368\/revisions\/11321"}],"wp:attachment":[{"href":"https:\/\/fotokessler.org\/en\/wp-json\/wp\/v2\/media?parent=368"}],"curies":[{"name":"wp","href":"https:\/\/api.w.org\/{rel}","templated":true}]}}