{"id":8594,"date":"2024-03-17T15:14:19","date_gmt":"2024-03-17T15:14:19","guid":{"rendered":"https:\/\/fotokessler.org\/?page_id=8594"},"modified":"2026-01-18T14:15:26","modified_gmt":"2026-01-18T14:15:26","slug":"werde-mitglied","status":"publish","type":"page","link":"https:\/\/fotokessler.org\/de\/werde-mitglied\/","title":{"rendered":"Werde Mitglied"},"content":{"rendered":"\r\n<h2 class=\"wp-block-heading has-text-align-center\"><strong><bdo dir=\"ltr\" lang=\"German\"><br>Wollen Sie Teil einer Gemeinschaft werden, die Kultur bewahrt und f\u00f6rdert?<\/bdo><\/strong><\/h2>\r\n<p data-start=\"135\" data-end=\"551\"><span style=\"font-size: 14pt;\">Beim <strong data-start=\"140\" data-end=\"167\">Karl Max Kessler Archiv<\/strong> sind wir ein kleiner, pers\u00f6nlicher Familienverein. Mit viel Engagement arbeiten wir daran, das historische Archiv unseres Gro\u00dfvaters zu restaurieren, k\u00fcnstlerische Projekte mit Schulkindern umzusetzen und K\u00fcnstlerinnen und K\u00fcnstler im Rahmen unserer Artist-in-Residence-Programme zu unterst\u00fctzen. Dar\u00fcber hinaus realisieren wir Workshops und Ausstellungen f\u00fcr Einheimische und G\u00e4ste.<\/span><\/p>\r\n<p data-start=\"553\" data-end=\"697\"><span style=\"font-size: 14pt;\">Deine Mitgliedschaft hilft uns, diese kulturellen Initiativen weiterzuf\u00fchren und die Vielfalt k\u00fcnstlerischer Ausdrucksformen lebendig zu halten.<\/span><\/p>\r\n<blockquote>\r\n<p data-start=\"699\" data-end=\"947\"><span style=\"font-size: 14pt;\"><strong data-start=\"699\" data-end=\"783\">Werde Teil unseres Familienvereins und unterst\u00fctze unsere Arbeit f\u00fcr die Kultur.<\/strong><\/span><br data-start=\"783\" data-end=\"786\"><span style=\"font-size: 14pt;\">F\u00fclle das Formular bequem hier online aus \u2013 wir k\u00fcmmern uns um den Rest.<\/span><br data-start=\"858\" data-end=\"861\"><span style=\"font-size: 14pt;\">Bei Fragen schreib uns gerne an <strong data-start=\"893\" data-end=\"915\"><a class=\"decorated-link cursor-pointer\" rel=\"noopener\" data-start=\"895\" data-end=\"913\">bk@fotokessler.org<\/a><\/strong>.<\/span><br data-start=\"916\" data-end=\"919\"><em><strong><span style=\"font-size: 18pt;\">Wir freuen uns auf dich.<\/span><\/strong><\/em><\/p>\r\n<\/blockquote>\r\n<h2 class=\"wp-block-heading has-text-align-center\">Mitgliedschaft beantragen<\/h2>\r\n<div style=\"max-width: 900px; margin: 0 auto;\"><iframe src=\"https:\/\/docs.google.com\/forms\/d\/e\/1FAIpQLSdr74KI1g_sBt1Nf7NhVBfNO26bzxFEYnCfL1noTMFEqcMHJQ\/viewform?embedded=true\" width=\"100%\" height=\"950\" frameborder=\"0\" marginwidth=\"0\" marginheight=\"0\">\r\n    Wird geladen\u2026\r\n  <\/iframe><\/div>","protected":false},"excerpt":{"rendered":"<p>Wollen Sie Teil einer Gemeinschaft werden, die Kultur bewahrt und f\u00f6rdert? Beim Karl Max Kessler Archiv sind wir ein kleiner, pers\u00f6nlicher Familienverein. Mit viel Engagement arbeiten wir daran, das historische Archiv unseres Gro\u00dfvaters zu restaurieren, k\u00fcnstlerische Projekte mit Schulkindern umzusetzen und K\u00fcnstlerinnen und K\u00fcnstler im Rahmen unserer Artist-in-Residence-Programme zu unterst\u00fctzen. Dar\u00fcber hinaus realisieren wir Workshops &hellip; <a href=\"https:\/\/fotokessler.org\/de\/werde-mitglied\/\" class=\"more-link\"><span class=\"screen-reader-text\">\u201eWerde Mitglied\u201c <\/span>weiterlesen<\/a><\/p>\n","protected":false},"author":1,"featured_media":0,"parent":0,"menu_order":0,"comment_status":"closed","ping_status":"closed","template":"","meta":{"ngg_post_thumbnail":0,"footnotes":""},"class_list":["post-8594","page","type-page","status-publish","hentry"],"_links":{"self":[{"href":"https:\/\/fotokessler.org\/de\/wp-json\/wp\/v2\/pages\/8594","targetHints":{"allow":["GET"]}}],"collection":[{"href":"https:\/\/fotokessler.org\/de\/wp-json\/wp\/v2\/pages"}],"about":[{"href":"https:\/\/fotokessler.org\/de\/wp-json\/wp\/v2\/types\/page"}],"author":[{"embeddable":true,"href":"https:\/\/fotokessler.org\/de\/wp-json\/wp\/v2\/users\/1"}],"replies":[{"embeddable":true,"href":"https:\/\/fotokessler.org\/de\/wp-json\/wp\/v2\/comments?post=8594"}],"version-history":[{"count":14,"href":"https:\/\/fotokessler.org\/de\/wp-json\/wp\/v2\/pages\/8594\/revisions"}],"predecessor-version":[{"id":11143,"href":"https:\/\/fotokessler.org\/de\/wp-json\/wp\/v2\/pages\/8594\/revisions\/11143"}],"wp:attachment":[{"href":"https:\/\/fotokessler.org\/de\/wp-json\/wp\/v2\/media?parent=8594"}],"curies":[{"name":"wp","href":"https:\/\/api.w.org\/{rel}","templated":true}]}}