{"id":73,"date":"2021-09-16T06:59:48","date_gmt":"2021-09-16T06:59:48","guid":{"rendered":"http:\/\/localhost\/km-kessler\/?page_id=73"},"modified":"2024-03-22T21:52:15","modified_gmt":"2024-03-22T21:52:15","slug":"restaurierung-des-archives","status":"publish","type":"page","link":"https:\/\/fotokessler.org\/de\/restaurierung-des-archives\/","title":{"rendered":"Restaurierung"},"content":{"rendered":"<div class=\"wp-block-image\">\n<figure class=\"alignleft is-resized\"><img fetchpriority=\"high\" decoding=\"async\" width=\"311\" height=\"400\" src=\"https:\/\/fotokessler.org\/wp-content\/uploads\/2021\/10\/Restauration.jpg\" alt=\"\" class=\"wp-image-291\" style=\"aspect-ratio:0.778;width:311px;height:auto\" srcset=\"https:\/\/fotokessler.org\/wp-content\/uploads\/2021\/10\/Restauration.jpg 311w, https:\/\/fotokessler.org\/wp-content\/uploads\/2021\/10\/Restauration-233x300.jpg 233w\" sizes=\"(max-width: 311px) 85vw, 311px\" \/><\/figure>\n<\/div>\n\n\n<div class=\"wp-block-columns is-layout-flex wp-container-core-columns-is-layout-9d6595d7 wp-block-columns-is-layout-flex\">\n<div class=\"wp-block-column is-layout-flow wp-block-column-is-layout-flow\" style=\"flex-basis:100%\">\n<p><\/p>\n\n\n\n<h6 class=\"wp-block-heading has-text-align-left\"><strong>F\u00fcr die Realisierung der gesetzten Forschungsziele ist eine anf\u00e4ngliche Sichtung des Materials, das zwischen 1907 und den 1960ern entstand, und eine darauffolgende Restaurierung des Werks notwendig. In einem Feuer im Jahre 1989 wurden circa 10.000 Glas- und Gelatine-Nega tive besch\u00e4digt. Die Fotografien wurden durch Rauch, Asche und Wasser sowie durch nicht sachgem\u00e4\u00dfe Aufbewahrung entstandenen Schimmel \u00e4u\u00dferst beeintr\u00e4chtigt. Durch eine nicht-monet\u00e4re, beraterische Kooperation mit der \u00d6sterreichischen Nationalbibliothek wurde ein Kontakt zum Institut f\u00fcr Papierrestaurierung hergestellt. Nach genauer Budgetierung und Restaurierung der Negative werden diese digitalisiert und der \u00d6ffentlichkeit \u00fcber eine Website zur Verf\u00fcgung gestellt.<br>In einem Interview hat uns Restaurator Andreas Gruber mehr dar\u00fcber erz\u00e4hlt, wie die Restaurierung von der ersten Sichtung bis zur Digitalisierung abl\u00e4uft. Dieses k\u00f6nnen sie <a href=\"https:\/\/fotokessler.org\/wp-content\/uploads\/2021\/12\/Interview-mit-Andreas-Gruber.pdf\" target=\"_blank\" rel=\"noopener\">hier<\/a> lesen.<\/strong><\/h6>\n<\/div>\n<\/div>\n\n\n\n<h2 class=\"wp-block-heading has-text-align-center\"><a href=\"https:\/\/www.dropbox.com\/scl\/fi\/z3l1c9wps9mp5rqsl62rh\/Formular_F-rderneMgl.pdf?rlkey=oax0kiohgb9pw7pw0gvnfdvhu&amp;dl=0\" data-type=\"link\" data-id=\"https:\/\/www.dropbox.com\/scl\/fi\/z3l1c9wps9mp5rqsl62rh\/Formular_F-rderneMgl.pdf?rlkey=oax0kiohgb9pw7pw0gvnfdvhu&amp;dl=0\" target=\"_blank\" rel=\"noreferrer noopener\"><strong>YOU CAN HELP WITH THE RESTORATION<\/strong>!<\/a><\/h2>\n\n\n\n<h6 class=\"wp-block-heading\"><\/h6>\n","protected":false},"excerpt":{"rendered":"<p>F\u00fcr die Realisierung der gesetzten Forschungsziele ist eine anf\u00e4ngliche Sichtung des Materials, das zwischen 1907 und den 1960ern entstand, und eine darauffolgende Restaurierung des Werks notwendig. In einem Feuer im Jahre 1989 wurden circa 10.000 Glas- und Gelatine-Nega tive besch\u00e4digt. Die Fotografien wurden durch Rauch, Asche und Wasser sowie durch nicht sachgem\u00e4\u00dfe Aufbewahrung entstandenen Schimmel &hellip; <a href=\"https:\/\/fotokessler.org\/de\/restaurierung-des-archives\/\" class=\"more-link\"><span class=\"screen-reader-text\">\u201eRestaurierung\u201c <\/span>weiterlesen<\/a><\/p>\n","protected":false},"author":1,"featured_media":0,"parent":0,"menu_order":0,"comment_status":"closed","ping_status":"closed","template":"","meta":{"ngg_post_thumbnail":0,"footnotes":""},"class_list":["post-73","page","type-page","status-publish","hentry"],"_links":{"self":[{"href":"https:\/\/fotokessler.org\/de\/wp-json\/wp\/v2\/pages\/73","targetHints":{"allow":["GET"]}}],"collection":[{"href":"https:\/\/fotokessler.org\/de\/wp-json\/wp\/v2\/pages"}],"about":[{"href":"https:\/\/fotokessler.org\/de\/wp-json\/wp\/v2\/types\/page"}],"author":[{"embeddable":true,"href":"https:\/\/fotokessler.org\/de\/wp-json\/wp\/v2\/users\/1"}],"replies":[{"embeddable":true,"href":"https:\/\/fotokessler.org\/de\/wp-json\/wp\/v2\/comments?post=73"}],"version-history":[{"count":46,"href":"https:\/\/fotokessler.org\/de\/wp-json\/wp\/v2\/pages\/73\/revisions"}],"predecessor-version":[{"id":8685,"href":"https:\/\/fotokessler.org\/de\/wp-json\/wp\/v2\/pages\/73\/revisions\/8685"}],"wp:attachment":[{"href":"https:\/\/fotokessler.org\/de\/wp-json\/wp\/v2\/media?parent=73"}],"curies":[{"name":"wp","href":"https:\/\/api.w.org\/{rel}","templated":true}]}}