{"id":706,"date":"2023-03-19T09:11:24","date_gmt":"2023-03-19T09:11:24","guid":{"rendered":"https:\/\/fotokessler.org\/?page_id=706"},"modified":"2025-06-12T09:57:57","modified_gmt":"2025-06-12T09:57:57","slug":"residenz-aktueller-stipendiat","status":"publish","type":"page","link":"https:\/\/fotokessler.org\/de\/residenz-aktueller-stipendiat\/","title":{"rendered":"Residenz &#8211; Aktueller Stipendiat"},"content":{"rendered":"\r\n<h2 class=\"wp-block-heading\"><strong>Judith Neunh\u00e4userer<\/strong> ist unsere K\u00fcnstlerin in Residenz 2025<\/h2>\r\n<p><!-- \/wp:post-content -->\r\n\r\n<!-- wp:paragraph --><\/p>\r\n<figure id=\"attachment_10572\" aria-describedby=\"caption-attachment-10572\" style=\"width: 640px\" class=\"wp-caption alignleft\"><a href=\"https:\/\/fotokessler.org\/residenz-aktueller-stipendiat\/screenshot\/\" rel=\"attachment wp-att-10572\"><img fetchpriority=\"high\" decoding=\"async\" class=\"size-large wp-image-10572\" src=\"https:\/\/fotokessler.org\/wp-content\/uploads\/2025\/06\/PortraitJudith-Neunhauserer-1024x573.jpg\" alt=\"Portrait Judith Neunh\u00e4userer\" width=\"840\" height=\"470\" srcset=\"https:\/\/fotokessler.org\/wp-content\/uploads\/2025\/06\/PortraitJudith-Neunhauserer-1024x573.jpg 1024w, https:\/\/fotokessler.org\/wp-content\/uploads\/2025\/06\/PortraitJudith-Neunhauserer-300x168.jpg 300w, https:\/\/fotokessler.org\/wp-content\/uploads\/2025\/06\/PortraitJudith-Neunhauserer-768x430.jpg 768w, https:\/\/fotokessler.org\/wp-content\/uploads\/2025\/06\/PortraitJudith-Neunhauserer-1536x860.jpg 1536w, https:\/\/fotokessler.org\/wp-content\/uploads\/2025\/06\/PortraitJudith-Neunhauserer-2048x1146.jpg 2048w, https:\/\/fotokessler.org\/wp-content\/uploads\/2025\/06\/PortraitJudith-Neunhauserer-1200x671.jpg 1200w\" sizes=\"(max-width: 709px) 85vw, (max-width: 909px) 67vw, (max-width: 1362px) 62vw, 840px\" \/><\/a><figcaption id=\"caption-attachment-10572\" class=\"wp-caption-text\">Judith Neunh\u00e4userer<\/figcaption><\/figure>\r\n<p style=\"font-weight: 400;\">Judith Neunh\u00e4userer, 1990 in S\u00fcdtirol geboren, lebt in M\u00fcnchen und arbeitet international. Sie studierte Bildhauerei, Religions- und Kulturwissenschaft in M\u00fcnchen und Istanbul.<\/p>\r\n<p style=\"font-weight: 400;\">Ihre k\u00fcnstlerische Arbeit findet oft an der Schnittstelle von Wissenschaft, Religion und Mythos statt. Als Beispiel sei die Arbeit f\u00fcr das Zentrum f\u00fcr Quanten Engineering (TUM Garching) genannt, bei der sie 48 Granitbl\u00f6cke in megalithischer Anordnung gefertigt hat um die unsichtbare Verbindung mit der Quantenphysik herzustellen. Die Arbeit enth\u00fcllt \u00fcberraschende Parallelen, wie Wissenschaft und Religion Sch\u00f6nheit darstellen.<\/p>\r\n<p style=\"font-weight: 400;\">Wir sind schon auf die neue Perspektive auf das fotografische Erbe von Karl Max Kessler gespannt.<\/p>\r\n<p style=\"font-weight: 400;\">Mehr Informationen zu Judith Neunh\u00e4userer: <a href=\"http:\/\/www.judithneunhaeuserer.info\/\">www.Judithneunhaeuserer.info<\/a><\/p>\r\n<!-- \/wp:paragraph -->\r\n\r\n<!-- wp:group {\"layout\":{\"type\":\"constrained\"}} -->\r\n<div class=\"wp-block-group\"><!-- wp:heading {\"level\":5} -->\r\nngg_shortcode_0_placeholder\r\n<p>&nbsp;<\/p>\r\n<!-- \/wp:heading --><\/div>\r\n<!-- \/wp:group -->\r\n<p>&nbsp;<\/p>","protected":false},"excerpt":{"rendered":"<p>Judith Neunh\u00e4userer ist unsere K\u00fcnstlerin in Residenz 2025 Judith Neunh\u00e4userer, 1990 in S\u00fcdtirol geboren, lebt in M\u00fcnchen und arbeitet international. Sie studierte Bildhauerei, Religions- und Kulturwissenschaft in M\u00fcnchen und Istanbul. Ihre k\u00fcnstlerische Arbeit findet oft an der Schnittstelle von Wissenschaft, Religion und Mythos statt. Als Beispiel sei die Arbeit f\u00fcr das Zentrum f\u00fcr Quanten Engineering &hellip; <a href=\"https:\/\/fotokessler.org\/de\/residenz-aktueller-stipendiat\/\" class=\"more-link\"><span class=\"screen-reader-text\">\u201eResidenz &#8211; Aktueller Stipendiat\u201c <\/span>weiterlesen<\/a><\/p>\n","protected":false},"author":1,"featured_media":0,"parent":0,"menu_order":0,"comment_status":"closed","ping_status":"closed","template":"","meta":{"ngg_post_thumbnail":0,"footnotes":""},"class_list":["post-706","page","type-page","status-publish","hentry"],"_links":{"self":[{"href":"https:\/\/fotokessler.org\/de\/wp-json\/wp\/v2\/pages\/706","targetHints":{"allow":["GET"]}}],"collection":[{"href":"https:\/\/fotokessler.org\/de\/wp-json\/wp\/v2\/pages"}],"about":[{"href":"https:\/\/fotokessler.org\/de\/wp-json\/wp\/v2\/types\/page"}],"author":[{"embeddable":true,"href":"https:\/\/fotokessler.org\/de\/wp-json\/wp\/v2\/users\/1"}],"replies":[{"embeddable":true,"href":"https:\/\/fotokessler.org\/de\/wp-json\/wp\/v2\/comments?post=706"}],"version-history":[{"count":37,"href":"https:\/\/fotokessler.org\/de\/wp-json\/wp\/v2\/pages\/706\/revisions"}],"predecessor-version":[{"id":10581,"href":"https:\/\/fotokessler.org\/de\/wp-json\/wp\/v2\/pages\/706\/revisions\/10581"}],"wp:attachment":[{"href":"https:\/\/fotokessler.org\/de\/wp-json\/wp\/v2\/media?parent=706"}],"curies":[{"name":"wp","href":"https:\/\/api.w.org\/{rel}","templated":true}]}}