{"id":3,"date":"2021-09-15T12:12:56","date_gmt":"2021-09-15T12:12:56","guid":{"rendered":"http:\/\/localhost\/km-kessler\/?page_id=3"},"modified":"2021-12-07T08:22:40","modified_gmt":"2021-12-07T08:22:40","slug":"privacy-policy","status":"publish","type":"page","link":"https:\/\/fotokessler.org\/de\/privacy-policy\/","title":{"rendered":"Impressum"},"content":{"rendered":"\n<h2 class=\"wp-block-heading\">Medieninhaber und Betreiber:<\/h2>\n\n\n\n<p><strong class=\"privacy-policy-tutorial\">Karl Max Kessler Archiv<\/strong><br>Walserstra\u00dfe 75 \/ Top 1<br>6991 Riezlern<br>+43 676 746 190 54<br>info@fotokessler.org<\/p>\n\n\n\n<p>Die Website des Karl Max Kessler Archivs stellt nicht nur digitalisierte Fotoaufnahmen der Landschaft, Natur und Kultur des Kleinwalsertals des 20. Jahrhunderts uir Verf\u00fcgung, sondern versucht dar\u00fcber hinaus, \u00fcber die Umst\u00e4nde, die zum Wandel eben dieser Dimensionen gef\u00fchrt haben, zu informieren.<\/p>\n\n\n\n<p>Gerade durch den Miteinbezug zeitgen\u00f6ssischer wissenschaftlicher und k\u00fcnstlerischer Standpunkte soll eine kritische Betrachtung des Fotomaterials gew\u00e4hrleistet werden.<\/p>\n\n\n\n<h2 class=\"wp-block-heading\">Urheberrecht<\/h2>\n\n\n\n<p>Karl Max Kessler Archive, Mathias Kessler&nbsp;Die Nutzung der Fotos\/Bilder f\u00fcr jeglichen Zweck sowie die Weitergabe an Dritte ist nicht gestattet.&nbsp;<a href=\"mailto:info@fotokessler.org\">info@fotokessler.org<\/a> zu kontaktieren.<\/p>\n\n\n\n<h2 class=\"wp-block-heading\">Nutzungsbedingungen<\/h2>\n\n\n\n<p>Die Nutzung der Fotos\/Bilder f\u00fcr jeglichen Zweck sowie die Weitergabe an Dritte ist nicht gestattet.&nbsp;Sollten angesichts zweckwidriger Nutzung Anspr\u00fcche Dritter an das Karl Max Kessler Archiv und Mathias&nbsp;Kessler herangetragen werden, stellt der Verwender das&nbsp;Karl Max Kessler Archiv, und Mathias Kessler&nbsp;die&nbsp;bereits jetzt von diesen ausdr\u00fccklich frei. Die Freistellung umfasst auch die Kosten anwaltlicher&nbsp;Rechtsverfolgung zur Abwehr derartiger Anspr\u00fcche.<\/p>\n\n\n\n<p>Bei den Bildwerken handelt es sich um urheberrechtlich gesch\u00fctzte Werke. Es ist daher nicht gestattet,&nbsp;die Bilder zu verfremden oder zu verf\u00e4lschen, z. B. durch Abzeichnen, Nachfotografieren, Fotocomposing&nbsp;sowie sonstige Ver\u00e4nderungen auf fotomechanischem oder digitalem Wege.<\/p>\n\n\n\n<p>Jede von dem Karl Max Kessler Archiv und Mathias Kessler erlaubte Form der Nutzung der Bilder darf ausschlie\u00dflich im Zusammenhang mit&nbsp;dem original Kessler-Logo f\u00fcr die Fotos und Filme des Karl Max Kessler Archiv und Mathias Kessler erfolgen. Bei einer Bildnutzung ist stets der&nbsp;Copyrightvermerk unmittelbar am oder im Bild anzugeben wie folgt: \u00a9 Karl Max Kessler Archiv. Die&nbsp;Angabe der Bildunterschrift an einer anderen Stelle ist untersagt und stellt eine Verletzung des&nbsp;Urheberrechts dar. An der Zuordnung zum Rechteinhaber\/Urheber darf kein Zweifel bestehen. <\/p>\n\n\n\n<p>Es gilt ausschlie\u00dflich das Recht der Bundesrepublik \u00d6sterreich. Erf\u00fcllungsort und Gerichtsstand bei&nbsp;etwaigen Streitigkeiten ist der Sitz des Karl Max Kessler Archiv, in 6991 Riezlern, \u00d6sterreich.<br><\/p>\n\n\n\n<h2 class=\"wp-block-heading\">Datenschutzerkl\u00e4rung<\/h2>\n\n\n\n<p>Bei Hinterlassung von Kommentaren auf der Webseite werden Sie nach Ihrem Namen und Ihrer E-Mail-Adresse gefragt. Diese k\u00f6nnen durch Cookies gespeichert werden, um das Posten weiterer Kommentare zu vereinfachen. Diese Cookie-Einstellungen werden f\u00fcr ein Jahr gespeichert. Aus der eingegebenen E-Mail-Adresse wird ein anonymer String hergestellt, welcher m\u00f6glicherweise einem Gravatar-Service zur Verf\u00fcgung gestellt wird, um zu \u00fcberpr\u00fcfen, ob es sich um eine aktive E-Mail-Adresse handelt. Die Private Policy des Gravatar-Service&#8216; k\u00f6nnen hier eingesehen werden: https:\/\/automattic.com\/privacy\/. Nach der Genehmigung des Kommentars ist dieser zusammen mit einem Profilbild \u00f6ffentlich sichtbar. Weiters werden Daten wie die IP-Adresse und Browser-User-Agent-String gesammelt, um Spam-Kommentare nachzuverfolgen.  <\/p>\n\n\n\n<p>Die Metdaten des Kommentars und der Kommentar selbst werden auf unbestimmte Zeit gespeichert. Dies erm\u00f6glicht eine schnellere Genehmigung von Folgekommentaren, ohne diese in einer Moderierungs-Warteschlange zu halten.<\/p>\n\n\n\n<p>Wenn Sie ein Profil \u00fcber unsere Log-In-Page erstellen, werden Ihre Log-In-Informationen zwei Tage lang gespeichert. Durch die Eingabe &#8222;Remember Me&#8220; werden Ihre Daten f\u00fcr zwei Wochen gespeichert. Sollten Sie sich aktiv ausloggen, werden die Cookies entfernt. Wenn Sie Ihr Passwort zur\u00fccksetzen wollen, wird Ihnen einen E-Mail zugesendet, die auch Ihre IP-Adresse inkludiert. Die Informationen, die Sie in Ihrem Profil bekanntgeben, werden ebenso gespeichert. Jede*r Benutzer*in kann die Daten ihres\/seines Profils &#8211; mit Ausnahme des Benutzernamens &#8211; zu jedem Zeitpunkt bearbeiten oder l\u00f6schen. Dies steht auch den Website-Administratoren zu.<\/p>\n\n\n\n<p>Sollten Sie ganze Artikel auf der Webseite ver\u00f6ffentlichen oder bearbeiten, wird ein zus\u00e4tzlicher Cookie in Ihrem Browser gespeichert. Dieser beinhaltet keine pers\u00f6nlichen Daten, sondern gibt lediglich die ID des Artikels, den Sie gerade bearbeitet haben, an. Er erlischt innerhalb eines Tages.<\/p>\n\n\n\n<p>Falls Sie Bilder hochladen wollen, wird empfohlen, eingebettete Standortdaten (EXIF GPS) von den Bildern zu entfernen. Sollten die Bilder von der Webseite gedownloaded werden, k\u00f6nnten diese Standortdaten abgerufen werden.<\/p>\n\n\n\n<p>M\u00f6glicherweise werden in Artikeln dieser Webseite Verkn\u00fcpfungen mit Inhalten anderer Webseiten hergestellt (durch Videos, Bilder, Artikel etc.). Die Nutzung dieser Inhalte unterliegen den Richtlinien eben dieser Webseite. Diese Webseiten speichern eventuell Daten \u00fcber Sie, verwenden Cookies oder Drittparteien-Tracking und \u00fcberwachen Ihre Interaktion mit dem eingebetteten Inhalt.<\/p>\n\n\n\n<p>Wenn Sie einen Kommentar auf dieser Webseite hinterlassen oder ein Profil erstellt haben, kann ein Datei angefragt werden, die die pers\u00f6nlichen Daten, die wir \u00fcber Sie gespeichert haben, enth\u00e4lt. Es kann auch die L\u00f6schung etwaiger pers\u00f6nlicher Daten ersucht werden. Dies betrifft jedoch nicht die Daten, die wir verpflichtend wegen administrativer, rechtlicher oder sicherheitsrelevanter Zwecken speichern m\u00fcssen.<\/p>\n","protected":false},"excerpt":{"rendered":"<p>Medieninhaber und Betreiber: Karl Max Kessler ArchivWalserstra\u00dfe 75 \/ Top 16991 Riezlern+43 676 746 190 54info@fotokessler.org Die Website des Karl Max Kessler Archivs stellt nicht nur digitalisierte Fotoaufnahmen der Landschaft, Natur und Kultur des Kleinwalsertals des 20. Jahrhunderts uir Verf\u00fcgung, sondern versucht dar\u00fcber hinaus, \u00fcber die Umst\u00e4nde, die zum Wandel eben dieser Dimensionen gef\u00fchrt haben, &hellip; <a href=\"https:\/\/fotokessler.org\/de\/privacy-policy\/\" class=\"more-link\"><span class=\"screen-reader-text\">\u201eImpressum\u201c <\/span>weiterlesen<\/a><\/p>\n","protected":false},"author":1,"featured_media":0,"parent":0,"menu_order":0,"comment_status":"closed","ping_status":"open","template":"","meta":{"ngg_post_thumbnail":0,"footnotes":""},"class_list":["post-3","page","type-page","status-publish","hentry"],"_links":{"self":[{"href":"https:\/\/fotokessler.org\/de\/wp-json\/wp\/v2\/pages\/3","targetHints":{"allow":["GET"]}}],"collection":[{"href":"https:\/\/fotokessler.org\/de\/wp-json\/wp\/v2\/pages"}],"about":[{"href":"https:\/\/fotokessler.org\/de\/wp-json\/wp\/v2\/types\/page"}],"author":[{"embeddable":true,"href":"https:\/\/fotokessler.org\/de\/wp-json\/wp\/v2\/users\/1"}],"replies":[{"embeddable":true,"href":"https:\/\/fotokessler.org\/de\/wp-json\/wp\/v2\/comments?post=3"}],"version-history":[{"count":9,"href":"https:\/\/fotokessler.org\/de\/wp-json\/wp\/v2\/pages\/3\/revisions"}],"predecessor-version":[{"id":422,"href":"https:\/\/fotokessler.org\/de\/wp-json\/wp\/v2\/pages\/3\/revisions\/422"}],"wp:attachment":[{"href":"https:\/\/fotokessler.org\/de\/wp-json\/wp\/v2\/media?parent=3"}],"curies":[{"name":"wp","href":"https:\/\/api.w.org\/{rel}","templated":true}]}}