{"id":116,"date":"2021-09-19T20:23:32","date_gmt":"2021-09-19T20:23:32","guid":{"rendered":"http:\/\/localhost\/km-kessler\/?page_id=116"},"modified":"2026-01-18T15:43:31","modified_gmt":"2026-01-18T15:43:31","slug":"freunde-unterstuetzer","status":"publish","type":"page","link":"https:\/\/fotokessler.org\/de\/freunde-unterstuetzer\/","title":{"rendered":"Freunde und Unterst\u00fctzer"},"content":{"rendered":"<div>\r\n<p><span style=\"font-size: 18pt;\"><strong data-start=\"256\" data-end=\"280\">Liebe Interessierte,<\/strong><\/span><\/p>\r\n<\/div>\r\n<div>\r\n<p data-start=\"282\" data-end=\"659\"><span style=\"font-size: 14pt;\">werde Mitglied in unserem kleinen Familienverein, der sich seit Oktober 2021 f\u00fcr die Restaurierung von rund 10.000 Glasnegativen und die F\u00f6rderung von K\u00fcnstlerresidenzen engagiert. Deine Unterst\u00fctzung erm\u00f6glicht es uns, Kunst und Kultur im Kleinwalsertal zu bewahren und neue Projekte umzusetzen \u2013 von Archivarbeit \u00fcber Bildungsprogramme bis hin zu Ausstellungen und Workshops.<\/span><\/p>\r\n<p data-start=\"661\" data-end=\"857\"><span style=\"font-size: 14pt;\">Tritt unserer Gemeinschaft aus Freunden, Unterst\u00fctzern und Sponsoren bei und erhalte exklusive Einblicke in unsere Arbeit sowie weitere Mitgliedervorteile.<br><\/span><br data-start=\"816\" data-end=\"819\"><span style=\"font-size: 14pt;\"><strong data-start=\"819\" data-end=\"857\">Spenden sind steuerlich absetzbar.<br><\/strong><\/span><\/p>\r\n<p data-start=\"859\" data-end=\"925\"><span style=\"font-size: 14pt;\">\ud83d\udc49 <a href=\"https:\/\/docs.google.com\/forms\/d\/e\/1FAIpQLSdr74KI1g_sBt1Nf7NhVBfNO26bzxFEYnCfL1noTMFEqcMHJQ\/viewform?usp=header\"><strong data-start=\"862\" data-end=\"887\">Jetzt Mitglied werden<\/strong><\/a><\/span><br data-start=\"887\" data-end=\"890\"><span style=\"font-size: 14pt;\">\ud83d\udc49<a href=\"https:\/\/www.paypal.com\/donate?token=uL1iI0t4mRKwgoGZqAVMkDIhEmfRDynxGFVCfBFFyTrXhZ_AwlJkn0F84ZOb13y1HVyS1YF5tItUm0qT\"> <strong data-start=\"893\" data-end=\"925\">Jetzt unterst\u00fctzen \/ spenden<\/strong><\/a><\/span><\/p>\r\n<p data-start=\"927\" data-end=\"1002\"><span style=\"font-size: 14pt;\">Wir freuen uns darauf, dich in unserer Vereinsfamilie willkommen zu hei\u00dfen.<\/span><\/p>\r\n<p data-start=\"1004\" data-end=\"1063\"><span style=\"font-size: 14pt;\"><strong data-start=\"1004\" data-end=\"1029\">Mit herzlichen Gr\u00fc\u00dfen<\/strong><\/span><br data-start=\"1029\" data-end=\"1032\"><span style=\"font-size: 14pt;\"><strong data-start=\"1032\" data-end=\"1063\">Bettina und Mathias Kessler<\/strong><\/span><\/p>\r\n<p data-start=\"1004\" data-end=\"1063\">&nbsp;<\/p>\r\n<\/div>\r\n<div class=\"supporters\">\r\n<div>\r\n<h5>Team<\/h5>\r\n<ul>\r\n<li>Bettina Kessler&nbsp;<\/li>\r\n<li>Chiara Juriatti (Wissenschaftliche Mitarbeiterin)<\/li>\r\n<li>Mathias Kessler&nbsp;<\/li>\r\n<li>Karl Ke\u00dfler (Schriftf\u00fchrer)<\/li>\r\n<\/ul>\r\n<\/div>\r\n<div>\r\n<h5>Partner und Sponsoren<\/h5>\r\n<ul>\r\n<li>Gemeinde Mittelberg<\/li>\r\n<li><a href=\"https:\/\/vorarlberg.at\/kultur-tourismus\">Land Vorarlberg Kultur<\/a><\/li>\r\n<li><a href=\"https:\/\/www.raiffeisenholding.at\">Walser Raiffeisen Holding eGen<\/a><\/li>\r\n<li><a href=\"https:\/\/double-check.at\">Double Check<\/a><\/li>\r\n<\/ul>\r\n<\/div>\r\n<div>\r\n<h5>Unterst\u00fctzer des Archives<\/h5>\r\n<ul>\r\n<li>Freunde und F\u00f6rderer vom Karl Max Kessler Archiv<\/li>\r\n<li>Fam. Fritz Bernadette und Herbert<\/li>\r\n<li>Fam. Kessler Sieglinde und Klaus&nbsp;<\/li>\r\n<\/ul>\r\n<\/div>\r\n<\/div>\r\n<form action=\"https:\/\/www.paypal.com\/donate\" method=\"post\" target=\"_top\">\r\n\t<input type=\"hidden\" name=\"hosted_button_id\" value=\"QTY5YW7XSSKMC\" \/>\r\n\t<input type=\"image\" src=\"https:\/\/www.paypalobjects.com\/en_US\/i\/btn\/btn_donate_LG.gif\" border=\"0\" name=\"submit\" title=\"PayPal - The safer, easier way to pay online!\" alt=\"Donate with PayPal button\" \/>\r\n\t<img decoding=\"async\" alt=\"\" border=\"0\" src=\"https:\/\/www.paypal.com\/en_AT\/i\/scr\/pixel.gif\" width=\"1\" height=\"1\" \/>\r\n<\/form>\r\n\n\r\n\r\n\r\nngg_shortcode_0_placeholder\r\n","protected":false},"excerpt":{"rendered":"<p>Liebe Interessierte, werde Mitglied in unserem kleinen Familienverein, der sich seit Oktober 2021 f\u00fcr die Restaurierung von rund 10.000 Glasnegativen und die F\u00f6rderung von K\u00fcnstlerresidenzen engagiert. Deine Unterst\u00fctzung erm\u00f6glicht es uns, Kunst und Kultur im Kleinwalsertal zu bewahren und neue Projekte umzusetzen \u2013 von Archivarbeit \u00fcber Bildungsprogramme bis hin zu Ausstellungen und Workshops. Tritt unserer &hellip; <a href=\"https:\/\/fotokessler.org\/de\/freunde-unterstuetzer\/\" class=\"more-link\"><span class=\"screen-reader-text\">\u201eFreunde und Unterst\u00fctzer\u201c <\/span>weiterlesen<\/a><\/p>\n","protected":false},"author":1,"featured_media":0,"parent":0,"menu_order":0,"comment_status":"closed","ping_status":"closed","template":"","meta":{"ngg_post_thumbnail":0,"footnotes":""},"class_list":["post-116","page","type-page","status-publish","hentry"],"_links":{"self":[{"href":"https:\/\/fotokessler.org\/de\/wp-json\/wp\/v2\/pages\/116","targetHints":{"allow":["GET"]}}],"collection":[{"href":"https:\/\/fotokessler.org\/de\/wp-json\/wp\/v2\/pages"}],"about":[{"href":"https:\/\/fotokessler.org\/de\/wp-json\/wp\/v2\/types\/page"}],"author":[{"embeddable":true,"href":"https:\/\/fotokessler.org\/de\/wp-json\/wp\/v2\/users\/1"}],"replies":[{"embeddable":true,"href":"https:\/\/fotokessler.org\/de\/wp-json\/wp\/v2\/comments?post=116"}],"version-history":[{"count":51,"href":"https:\/\/fotokessler.org\/de\/wp-json\/wp\/v2\/pages\/116\/revisions"}],"predecessor-version":[{"id":11154,"href":"https:\/\/fotokessler.org\/de\/wp-json\/wp\/v2\/pages\/116\/revisions\/11154"}],"wp:attachment":[{"href":"https:\/\/fotokessler.org\/de\/wp-json\/wp\/v2\/media?parent=116"}],"curies":[{"name":"wp","href":"https:\/\/api.w.org\/{rel}","templated":true}]}}